{"id":20948,"date":"2026-01-20T11:29:55","date_gmt":"2026-01-20T10:29:55","guid":{"rendered":"https:\/\/malfroy.ecdev.fr\/legal-notice\/"},"modified":"2026-02-05T13:07:00","modified_gmt":"2026-02-05T12:07:00","slug":"legal-notice","status":"publish","type":"page","link":"https:\/\/www.malfroy.com\/en\/legal-notice\/","title":{"rendered":"Legal notice"},"content":{"rendered":"\t\t<div data-elementor-type=\"wp-page\" data-elementor-id=\"20948\" class=\"elementor elementor-20948 elementor-20031\" data-elementor-post-type=\"page\">\n\t\t\t\t<div class=\"elementor-element elementor-element-eeff3fb e-con-full e-flex elementor-invisible e-con e-parent\" data-id=\"eeff3fb\" data-element_type=\"container\" data-e-type=\"container\" data-settings=\"{&quot;background_background&quot;:&quot;classic&quot;,&quot;jet_parallax_layout_list&quot;:[],&quot;animation&quot;:&quot;fadeInDown&quot;}\">\n\t\t\t\t<div class=\"elementor-element elementor-element-5df87a9 elementor-widget elementor-widget-heading\" data-id=\"5df87a9\" data-element_type=\"widget\" data-e-type=\"widget\" data-widget_type=\"heading.default\">\n\t\t\t\t<div class=\"elementor-widget-container\">\n\t\t\t\t\t<span class=\"elementor-heading-title elementor-size-default\">Maison Malfroy<\/span>\t\t\t\t<\/div>\n\t\t\t\t<\/div>\n\t\t\t\t<div class=\"elementor-element elementor-element-d43c149 elementor-widget elementor-widget-heading\" data-id=\"d43c149\" data-element_type=\"widget\" data-e-type=\"widget\" data-widget_type=\"heading.default\">\n\t\t\t\t<div class=\"elementor-widget-container\">\n\t\t\t\t\t<span class=\"elementor-heading-title elementor-size-default\">Since 1939<\/span>\t\t\t\t<\/div>\n\t\t\t\t<\/div>\n\t\t\t\t<div class=\"elementor-element elementor-element-ad53d03 elementor-widget elementor-widget-heading\" data-id=\"ad53d03\" data-element_type=\"widget\" data-e-type=\"widget\" data-widget_type=\"heading.default\">\n\t\t\t\t<div class=\"elementor-widget-container\">\n\t\t\t\t\t<h1 class=\"elementor-heading-title elementor-size-default\">Legal notice<\/h1>\t\t\t\t<\/div>\n\t\t\t\t<\/div>\n\t\t\t\t<\/div>\n\t\t<div class=\"elementor-element elementor-element-1578a40 e-con-full e-flex e-con e-parent\" data-id=\"1578a40\" data-element_type=\"container\" data-e-type=\"container\" data-settings=\"{&quot;jet_parallax_layout_list&quot;:[]}\">\n\t\t\t\t<div class=\"elementor-element elementor-element-20a6bd0 elementor-widget elementor-widget-text-editor\" data-id=\"20a6bd0\" data-element_type=\"widget\" data-e-type=\"widget\" data-widget_type=\"text-editor.default\">\n\t\t\t\t<div class=\"elementor-widget-container\">\n\t\t\t\t\t\t\t\t\t<div id=\"bloc_1\" class=\"bloc_para\"><div class=\"inner ptl pbl\"><div class=\"grid-1-small-1\"><div class=\"para para_1 mbl\"><p><u>COMPANY DETAILS<\/u><\/p><p>Le site internet <a href=\"\/\">www.malfroy.com<\/a> (ci-apr\u00e8s d\u00e9nomm\u00e9 le \u00ab Site \u00bb) est la propri\u00e9t\u00e9 de la soci\u00e9t\u00e9 MALFROY&amp;MILLION (ci-apr\u00e8s d\u00e9nomm\u00e9e \u00ab MALFROY \u00bb), SARL \u00e0 associ\u00e9 unique au capital social de 1 232 000,00 \u20ac, immatricul\u00e9e au RCS de LYON sous le n\u00b0 957 526 379, dont le si\u00e8ge social est situ\u00e9 153, route de Vourles BP-33, 69230 St Genis Laval, prise en la personne de ses repr\u00e9sentants l\u00e9gaux en exercice.<\/p><p><em> <\/em><\/p><p>Postal address: 153, route de Vourles BP-33 &#8211; 69564 St Genis Laval Cedex France<\/p><p>E-mail: <a href=\"mailto:contact@malfroy.com\">contact@malfroy.com<\/a><\/p><p>Telephone: 04 72 39 33 66<\/p><p><u>DIRECTEUR DE LA PUBLICATION <\/u><\/p><p>The publication director is Mr Nicolas Malfroy.<\/p><p><u>HOST CONTACT DETAILS<\/u><\/p><p>The hosting provider is GANDI SAS.<\/p><p>Postal address: 3-65 boulevard Massena 75013 Paris<\/p><p>Telephone: 0170377661<\/p><p><u>PHOTO CREDITS<\/u><\/p><p>The photographs reproduced on the Site are from MALFROY.<\/p><p><u>GRAPHIC AND ERGONOMIC DESIGN<\/u><\/p><p>The Site was designed and created by Omahabeach.<br><strong> <\/strong><\/p><p><strong>CONDITIONS <\/strong><strong>GENERAL CONDITIONS OF USE<\/strong><\/p><p><strong><em><u>Last update <\/u><\/em><\/strong><em>: 03-10-2024<\/em><\/p><p><u> <\/u><\/p><p>Use of the website accessible at <a href=\"\/\">www.malfroy.com <\/a>(hereinafter referred to as the \u201cSite\u201d) published by MALFROY&amp;MILLION, a single-member limited liability company with a share capital of \u20ac1,232,000.00, registered with the LYON Trade and Companies Register under number 957 526 379, whose registered office is located at 153, route de Vourles BP-33, 69230 St Genis Laval, represented by its current legal representatives (hereinafter referred to as \u201cMALFROY\u201d), is subject to these general terms and conditions of use (hereinafter referred to as the \u201cGTCU\u201d).<br>Translated with DeepL.com (free version)<\/p><p>Any individual connecting to and using the Site is considered a user (hereinafter referred to as the &#8220;User&#8221;).<\/p><p>MALFROY and the User are hereinafter referred to individually as the &#8220;Party&#8221; and together as the &#8220;Parties&#8221;.<\/p><p>Toute utilisation du Site implique obligatoirement l\u2019acceptation sans r\u00e9serve, par l\u2019Utilisateur, des CGU, dans leur derni\u00e8re version. Les CGU applicables sont disponibles sur le Site. <\/p><p>MALFROY reserves the right to modify or supplement the GTC at any time. Users of the Site are invited to consult them regularly. <\/p><ol><li><strong>SUBJECT<\/strong><\/li><\/ol><p>The purpose of the GTU is to define the rights and obligations of MALFROY and the User with respect to access to and use of the Site.<\/p><p><strong> <\/strong><\/p><ol start=\"2\"><li><strong>TERMS OF USE AND ACCESS TO THE SITE <\/strong><\/li><\/ol><p><strong>2.1. Site description <\/strong><\/p><p>The purpose of the Site is to provide information about MALFROY&#8217;s activities and products.<\/p><p>The Site provides the User with the opportunity to contact and ask questions to MALFROY via a contact area.<\/p><p><strong>2.2. Site access<\/strong><\/p><p>Access to the Site requires the User to have access to a telecommunications network and to use standard browsers (Google Chrome, Internet Explorer, Safari, Mozilla, Firefox, Opera, etc.). This access is provided by a telecommunications operator under the User&#8217;s sole responsibility and at the User&#8217;s expense. <\/p><p>The User may consult the Site without having an account.<\/p><ol start=\"3\"><li><strong>DRIVING RULES<\/strong><\/li><\/ol><p>When using the Site or the contact area of the Site, the User shall refrain from any behavior that could damage MALFROY&#8217;s image or that of one or more other Users.<\/p><p>The User agrees to abide by the following rules:<\/p><p><strong> <\/strong><\/p><ul><li>Not to impersonate any third party or other User or to pretend to be an employee or representative of MALFROY;<\/li><li>Not to resort to hacking, <em>spamming,<\/em> <em>fishing<\/em>, <em>flooding<\/em> or any other malicious action against MALFROY and other Users.<\/li><li>Act with integrity and treat others with respect:<\/li><li>Don&#8217;t lie or misrepresent anything or anyone,<\/li><li>\u00catre poli et respectueux,<\/li><li>Ne pas gratter, pirater, effectuer de l\u2019ing\u00e9nierie inverse, compromettre ou alt\u00e9rer le Site.<\/li><li>Not to use robots, crawlers, scrapers or other automated means to access data or other content from or to interact with the Site.<\/li><li>Not to hack, circumvent, delete, alter or attempt to circumvent any security or technological measures used to protect the Site.<\/li><li>Not to decipher, decompile, disassemble or reverse engineer the software or hardware used to provide the Site.<\/li><li>N\u2019entreprendre aucune action qui pourrait endommager ou nuire aux performances ou au bon fonctionnement du Site.<\/li><li>Use the Site to the extent permitted by the Site.<\/li><li>Use the content made available via the Site only to the extent necessary to enable use of the Site.<\/li><li>Do not use the content without prior express written permission from the content owner.<\/li><li>Do not request, make or accept payment outside the Site to avoid paying fees, taxes or for any other reason.<\/li><li>Meet legal obligations.<\/li><\/ul><p>In the event of non-compliance with this article, the User may be subject to legal action by MALFROY.<\/p><ol start=\"4\"><li><strong>INTELLECTUAL PROPERTY<\/strong><\/li><\/ol><p>The Site and each of its components, in particular the graphic charter, data, software, texts, logos, etc., as well as the products presented on the Site, are protected by intellectual property law, in particular copyright, design and model law, patent law and\/or trademark law.<\/p><p>The Site and each of its components and products are the exclusive property of MALFROY or is duly authorized to use them.<\/p><p>Any reproduction, representation, modification, publication, adaptation of all or part of the elements of the Site and\/or the products, whatever the means or process used, is forbidden, except with the prior written authorization of MALFROY.<\/p><p>The User therefore acknowledges that, in the absence of MALFROY&#8217;s prior, express and written authorization, any total or partial copy and any dissemination or exploitation of one or more of the above-mentioned elements, even if modified, may give rise to legal proceedings against the User.<\/p><p>In general, the User undertakes not to damage the Site and\/or the products in any way whatsoever, nor to make improper use of them that would directly or indirectly discredit or devalue MALFROY and\/or its image.<\/p><ol start=\"5\"><li><strong>PERSONAL DATA PROTECTION<\/strong><\/li><\/ol><ul><li><strong>User&#8217;s personal data<\/strong><\/li><\/ul><p>The information MALFROY receives from the User corresponds to the information required to use the contact form.<\/p><p>For further information, the User may consult the <a href=\"https:\/\/www.airbnb.com\/terms\/privacy_policy\">data privacy policy.<\/a><\/p><ul><li><strong>Cookies <\/strong><\/li><\/ul><p>For further information, the User may consult the cookies policy.<\/p><ol start=\"6\"><li><strong>WEBSITE UPDATE<\/strong><\/li><\/ol><p><strong> <\/strong><\/p><p>MALFROY may consider it necessary to update or reset certain parameters of the Site and its elements.<\/p><p>MALFROY therefore reserves the right to modify the Site, in particular by making new features available, or by modifying or deleting certain features.<\/p><p>However, these updates, resets, evolutions are likely to temporarily prevent the User from accessing the Site and\/or to lead to a modification of the Site&#8217;s architecture and its elements, which the User expressly acknowledges. MALFROY cannot be held liable in this respect.<\/p><ol start=\"7\"><li><strong>RESPONSIBILITIES<\/strong><\/li><\/ol><p><strong> <\/strong><\/p><ul><li><strong>Acc\u00e8s au Site <\/strong><\/li><\/ul><p>This Site is normally accessible to Users at all times. MALFROY may, however, decide to interrupt the Site for reasons of force majeure or technical maintenance, and will endeavour to inform Users of the dates and times of the intervention in advance. <\/p><p>MALFROY cannot be held responsible for direct or indirect damage caused to the User&#8217;s equipment when accessing the Site, resulting either from the appearance of a bug or incompatibility, or from the use of the User&#8217;s equipment.<\/p><p>The User undertakes to access the Site using recent, virus-free equipment, equipped with the latest generation of up-to-date browsers.<\/p><ul><li><strong>Site information <\/strong><\/li><\/ul><p><strong> <\/strong><\/p><p>MALFROY shall not be held liable for any omissions, inaccuracies or failure to update the information contained on the Site, whether caused by MALFROY or by third-party partners supplying such information.<\/p><ol start=\"8\"><li><strong>JURISDICTION &#8211; APPLICABLE LAW<\/strong><\/li><\/ol><p>In the event of a dispute concerning the interpretation, execution or fulfillment of any of the stipulations of the GTU, the User shall contact MALFROY with whom he will attempt to find an amicable solution.<\/p><p>A d\u00e9faut de r\u00e8glement amiable, les Parties attribuent comp\u00e9tence exclusive aux tribunaux de Lyon.<\/p><p>Disputes shall be settled in accordance with French law.<\/p><ol start=\"9\"><li><strong>GENERAL STIPULATIONS<\/strong><\/li><\/ol><p><strong> <\/strong><\/p><p>In the event that any provision of the GCU is found by a court or arbitrator to be invalid, void or unenforceable, such provision shall be modified in order to make it as enforceable and effective as the Parties intended. If a court or arbitrator declares the modified provision invalid, illegal, void or unenforceable, the validity, legality and enforceability of the remaining provisions of the TOU shall not be affected. <\/p><p><strong> <\/strong><\/p><p>The TOU constitute the entire and exclusive agreement between the Parties with respect to the use of the Site and supersede any prior agreement or understanding, whether written or oral, regarding the same subject matter.<\/p><p><strong> <\/strong><\/p><p>MALFROY reserves the right to modify, supplement or replace the provisions of the GTC, with effect from the date on which the new GTC are posted on the Site, or by any other form of notification.<\/p><p><strong> <\/strong><\/p><p>The fact that one of the Parties does not invoke a breach by the other Party of any of its obligations under the GCU shall not be construed as a waiver of the obligation in question for the future.<\/p><\/div><\/div><\/div><\/div>\t\t\t\t\t\t\t\t<\/div>\n\t\t\t\t<\/div>\n\t\t\t\t<\/div>\n\t\t\t\t<\/div>\n\t\t","protected":false},"excerpt":{"rendered":"<p>Maison Malfroy Since 1939 Legal notice COMPANY DETAILS Le site internet www.malfroy.com (ci-apr\u00e8s d\u00e9nomm\u00e9 le \u00ab Site \u00bb) est la propri\u00e9t\u00e9 de la soci\u00e9t\u00e9 MALFROY&amp;MILLION (ci-apr\u00e8s d\u00e9nomm\u00e9e \u00ab MALFROY \u00bb), SARL \u00e0 associ\u00e9 unique au capital social de 1 232 000,00 \u20ac, immatricul\u00e9e au RCS de LYON sous le n\u00b0 957 526 379, dont le [&hellip;]<\/p>\n","protected":false},"author":1,"featured_media":18836,"parent":0,"menu_order":0,"comment_status":"closed","ping_status":"closed","template":"full-width.php","meta":{"_acf_changed":false,"footnotes":""},"class_list":["post-20948","page","type-page","status-publish","has-post-thumbnail","hentry"],"acf":[],"yoast_head":"<!-- This site is optimized with the Yoast SEO plugin v27.0 - https:\/\/yoast.com\/product\/yoast-seo-wordpress\/ -->\n<title>Legal information | Maison Malfroy<\/title>\n<meta name=\"description\" content=\"Use of the Malfroy site implies full acceptance of the general conditions of use described below...\" \/>\n<meta name=\"robots\" content=\"index, follow, max-snippet:-1, max-image-preview:large, max-video-preview:-1\" \/>\n<link rel=\"canonical\" href=\"https:\/\/www.malfroy.com\/en\/legal-notice\/\" \/>\n<meta property=\"og:locale\" content=\"en_US\" \/>\n<meta property=\"og:type\" content=\"article\" \/>\n<meta property=\"og:title\" content=\"Legal information | Maison Malfroy\" \/>\n<meta property=\"og:description\" content=\"Use of the Malfroy site implies full acceptance of the general conditions of use described below...\" \/>\n<meta property=\"og:url\" content=\"https:\/\/www.malfroy.com\/en\/legal-notice\/\" \/>\n<meta property=\"og:site_name\" content=\"Malfroy\" \/>\n<meta property=\"article:modified_time\" content=\"2026-02-05T12:07:00+00:00\" \/>\n<meta property=\"og:image\" content=\"https:\/\/www.malfroy.com\/wp-content\/uploads\/2025\/12\/audelemaitrephotographe-malfroy-savoirfaire-web-243.jpg\" \/>\n\t<meta property=\"og:image:width\" content=\"2200\" \/>\n\t<meta property=\"og:image:height\" content=\"1467\" \/>\n\t<meta property=\"og:image:type\" content=\"image\/jpeg\" \/>\n<meta name=\"twitter:card\" content=\"summary_large_image\" \/>\n<meta name=\"twitter:label1\" content=\"Est. reading time\" \/>\n\t<meta name=\"twitter:data1\" content=\"7 minutes\" \/>\n<script type=\"application\/ld+json\" class=\"yoast-schema-graph\">{\"@context\":\"https:\/\/schema.org\",\"@graph\":[{\"@type\":\"WebPage\",\"@id\":\"https:\/\/www.malfroy.com\/en\/legal-notice\/\",\"url\":\"https:\/\/www.malfroy.com\/en\/legal-notice\/\",\"name\":\"Legal information | Maison Malfroy\",\"isPartOf\":{\"@id\":\"https:\/\/www.malfroy.com\/en\/#website\"},\"primaryImageOfPage\":{\"@id\":\"https:\/\/www.malfroy.com\/en\/legal-notice\/#primaryimage\"},\"image\":{\"@id\":\"https:\/\/www.malfroy.com\/en\/legal-notice\/#primaryimage\"},\"thumbnailUrl\":\"https:\/\/www.malfroy.com\/wp-content\/uploads\/2025\/12\/audelemaitrephotographe-malfroy-savoirfaire-web-243.jpg\",\"datePublished\":\"2026-01-20T10:29:55+00:00\",\"dateModified\":\"2026-02-05T12:07:00+00:00\",\"description\":\"Use of the Malfroy site implies full acceptance of the general conditions of use described below...\",\"breadcrumb\":{\"@id\":\"https:\/\/www.malfroy.com\/en\/legal-notice\/#breadcrumb\"},\"inLanguage\":\"en-US\",\"potentialAction\":[{\"@type\":\"ReadAction\",\"target\":[\"https:\/\/www.malfroy.com\/en\/legal-notice\/\"]}]},{\"@type\":\"ImageObject\",\"inLanguage\":\"en-US\",\"@id\":\"https:\/\/www.malfroy.com\/en\/legal-notice\/#primaryimage\",\"url\":\"https:\/\/www.malfroy.com\/wp-content\/uploads\/2025\/12\/audelemaitrephotographe-malfroy-savoirfaire-web-243.jpg\",\"contentUrl\":\"https:\/\/www.malfroy.com\/wp-content\/uploads\/2025\/12\/audelemaitrephotographe-malfroy-savoirfaire-web-243.jpg\",\"width\":2200,\"height\":1467},{\"@type\":\"BreadcrumbList\",\"@id\":\"https:\/\/www.malfroy.com\/en\/legal-notice\/#breadcrumb\",\"itemListElement\":[{\"@type\":\"ListItem\",\"position\":1,\"name\":\"Accueil\",\"item\":\"https:\/\/www.malfroy.com\/en\/home\/\"},{\"@type\":\"ListItem\",\"position\":2,\"name\":\"Legal notice\"}]},{\"@type\":\"WebSite\",\"@id\":\"https:\/\/www.malfroy.com\/en\/#website\",\"url\":\"https:\/\/www.malfroy.com\/en\/\",\"name\":\"Malfroy\",\"description\":\"Fabricant &amp; cr\u00e9ateur de soierie d&#039;excellence\",\"potentialAction\":[{\"@type\":\"SearchAction\",\"target\":{\"@type\":\"EntryPoint\",\"urlTemplate\":\"https:\/\/www.malfroy.com\/en\/?s={search_term_string}\"},\"query-input\":{\"@type\":\"PropertyValueSpecification\",\"valueRequired\":true,\"valueName\":\"search_term_string\"}}],\"inLanguage\":\"en-US\"}]}<\/script>\n<!-- \/ Yoast SEO plugin. -->","yoast_head_json":{"title":"Legal information | Maison Malfroy","description":"Use of the Malfroy site implies full acceptance of the general conditions of use described below...","robots":{"index":"index","follow":"follow","max-snippet":"max-snippet:-1","max-image-preview":"max-image-preview:large","max-video-preview":"max-video-preview:-1"},"canonical":"https:\/\/www.malfroy.com\/en\/legal-notice\/","og_locale":"en_US","og_type":"article","og_title":"Legal information | Maison Malfroy","og_description":"Use of the Malfroy site implies full acceptance of the general conditions of use described below...","og_url":"https:\/\/www.malfroy.com\/en\/legal-notice\/","og_site_name":"Malfroy","article_modified_time":"2026-02-05T12:07:00+00:00","og_image":[{"width":2200,"height":1467,"url":"https:\/\/www.malfroy.com\/wp-content\/uploads\/2025\/12\/audelemaitrephotographe-malfroy-savoirfaire-web-243.jpg","type":"image\/jpeg"}],"twitter_card":"summary_large_image","twitter_misc":{"Est. reading time":"7 minutes"},"schema":{"@context":"https:\/\/schema.org","@graph":[{"@type":"WebPage","@id":"https:\/\/www.malfroy.com\/en\/legal-notice\/","url":"https:\/\/www.malfroy.com\/en\/legal-notice\/","name":"Legal information | Maison Malfroy","isPartOf":{"@id":"https:\/\/www.malfroy.com\/en\/#website"},"primaryImageOfPage":{"@id":"https:\/\/www.malfroy.com\/en\/legal-notice\/#primaryimage"},"image":{"@id":"https:\/\/www.malfroy.com\/en\/legal-notice\/#primaryimage"},"thumbnailUrl":"https:\/\/www.malfroy.com\/wp-content\/uploads\/2025\/12\/audelemaitrephotographe-malfroy-savoirfaire-web-243.jpg","datePublished":"2026-01-20T10:29:55+00:00","dateModified":"2026-02-05T12:07:00+00:00","description":"Use of the Malfroy site implies full acceptance of the general conditions of use described below...","breadcrumb":{"@id":"https:\/\/www.malfroy.com\/en\/legal-notice\/#breadcrumb"},"inLanguage":"en-US","potentialAction":[{"@type":"ReadAction","target":["https:\/\/www.malfroy.com\/en\/legal-notice\/"]}]},{"@type":"ImageObject","inLanguage":"en-US","@id":"https:\/\/www.malfroy.com\/en\/legal-notice\/#primaryimage","url":"https:\/\/www.malfroy.com\/wp-content\/uploads\/2025\/12\/audelemaitrephotographe-malfroy-savoirfaire-web-243.jpg","contentUrl":"https:\/\/www.malfroy.com\/wp-content\/uploads\/2025\/12\/audelemaitrephotographe-malfroy-savoirfaire-web-243.jpg","width":2200,"height":1467},{"@type":"BreadcrumbList","@id":"https:\/\/www.malfroy.com\/en\/legal-notice\/#breadcrumb","itemListElement":[{"@type":"ListItem","position":1,"name":"Accueil","item":"https:\/\/www.malfroy.com\/en\/home\/"},{"@type":"ListItem","position":2,"name":"Legal notice"}]},{"@type":"WebSite","@id":"https:\/\/www.malfroy.com\/en\/#website","url":"https:\/\/www.malfroy.com\/en\/","name":"Malfroy","description":"Fabricant &amp; cr\u00e9ateur de soierie d&#039;excellence","potentialAction":[{"@type":"SearchAction","target":{"@type":"EntryPoint","urlTemplate":"https:\/\/www.malfroy.com\/en\/?s={search_term_string}"},"query-input":{"@type":"PropertyValueSpecification","valueRequired":true,"valueName":"search_term_string"}}],"inLanguage":"en-US"}]}},"_links":{"self":[{"href":"https:\/\/www.malfroy.com\/en\/wp-json\/wp\/v2\/pages\/20948","targetHints":{"allow":["GET"]}}],"collection":[{"href":"https:\/\/www.malfroy.com\/en\/wp-json\/wp\/v2\/pages"}],"about":[{"href":"https:\/\/www.malfroy.com\/en\/wp-json\/wp\/v2\/types\/page"}],"author":[{"embeddable":true,"href":"https:\/\/www.malfroy.com\/en\/wp-json\/wp\/v2\/users\/1"}],"replies":[{"embeddable":true,"href":"https:\/\/www.malfroy.com\/en\/wp-json\/wp\/v2\/comments?post=20948"}],"version-history":[{"count":1,"href":"https:\/\/www.malfroy.com\/en\/wp-json\/wp\/v2\/pages\/20948\/revisions"}],"predecessor-version":[{"id":20949,"href":"https:\/\/www.malfroy.com\/en\/wp-json\/wp\/v2\/pages\/20948\/revisions\/20949"}],"wp:featuredmedia":[{"embeddable":true,"href":"https:\/\/www.malfroy.com\/en\/wp-json\/wp\/v2\/media\/18836"}],"wp:attachment":[{"href":"https:\/\/www.malfroy.com\/en\/wp-json\/wp\/v2\/media?parent=20948"}],"curies":[{"name":"wp","href":"https:\/\/api.w.org\/{rel}","templated":true}]}}